{"id":1288,"date":"2024-10-14T16:14:38","date_gmt":"2024-10-14T14:14:38","guid":{"rendered":"https:\/\/vsa-utilitaire.fr\/?page_id=1288"},"modified":"2024-10-22T11:55:10","modified_gmt":"2024-10-22T09:55:10","slug":"actualites","status":"publish","type":"page","link":"https:\/\/vsa-utilitaire.fr\/index.php\/actualites\/","title":{"rendered":"Tenez-vous inform\u00e9 des actualit\u00e9s et des  innovations"},"content":{"rendered":"\n<h2 class=\"wp-block-heading has-text-align-center\">V\u00e9hicule Service Am\u00e9nagement<\/h2>\n\n\n\n<div class=\"alignwide blockart-section blockart-section-c412122a alignwide\"><div class=\"blockart-container\"><div class=\"blockart-section-inner\">\n<div class=\"blockart-column blockart-column-f44586b6\"><div class=\"blockart-column-inner\">\n<p class=\"has-text-align-center has-large-font-size\" style=\"font-style:normal;font-weight:300\">C\u2019est ici que nous partageons avec vous les derni\u00e8res nouvelles, tendances, et projets de V.S.A. Tenez-vous inform\u00e9 de nos innovations en am\u00e9nagement utilitaire et suivez nos r\u00e9alisations en temps r\u00e9el<\/p>\n<\/div><\/div>\n<\/div><\/div><\/div>\n\n\n\n<figure class=\"wp-block-image alignfull size-large\"><img fetchpriority=\"high\" decoding=\"async\" width=\"1024\" height=\"274\" src=\"https:\/\/vsa-utilitaire.fr\/wp-content\/uploads\/2024\/10\/VSA-banniere-actualite-1024x274.png\" alt=\"\" class=\"wp-image-1575\" srcset=\"https:\/\/vsa-utilitaire.fr\/wp-content\/uploads\/2024\/10\/VSA-banniere-actualite-1024x274.png 1024w, https:\/\/vsa-utilitaire.fr\/wp-content\/uploads\/2024\/10\/VSA-banniere-actualite-300x80.png 300w, https:\/\/vsa-utilitaire.fr\/wp-content\/uploads\/2024\/10\/VSA-banniere-actualite-768x206.png 768w, https:\/\/vsa-utilitaire.fr\/wp-content\/uploads\/2024\/10\/VSA-banniere-actualite-1536x411.png 1536w, https:\/\/vsa-utilitaire.fr\/wp-content\/uploads\/2024\/10\/VSA-banniere-actualite-2048x549.png 2048w\" sizes=\"(max-width: 1024px) 100vw, 1024px\" \/><\/figure>\n\n\n\n<div class=\"wp-block-group alignwide has-global-padding is-layout-constrained wp-block-group-is-layout-constrained\" style=\"margin-top:0;margin-bottom:0;padding-top:var(--wp--preset--spacing--40);padding-bottom:var(--wp--preset--spacing--40)\">\n<div class=\"wp-block-columns alignwide is-layout-flex wp-container-core-columns-is-layout-7e464bea wp-block-columns-is-layout-flex\">\n<div class=\"wp-block-column is-layout-flow wp-block-column-is-layout-flow\" style=\"flex-basis:60%\">\n<div class=\"wp-block-query has-global-padding is-layout-constrained wp-block-query-is-layout-constrained\"><ul class=\"wp-block-post-template is-layout-flow wp-block-post-template-is-layout-flow\"><li class=\"wp-block-post post-1579 post type-post status-publish format-standard has-post-thumbnail hentry category-optimisation-despace category-sante-mentale-au-travail tag-amenagement-sur-mesure tag-artisanat tag-bien-etre-au-travail tag-ergonomie tag-espace-de-travail tag-organisation tag-productivite tag-sante-mentale tag-vehicule-utilitaire\">\n\n<article class=\"wp-block-group is-vertical is-content-justification-stretch is-layout-flex wp-container-core-group-is-layout-353c4f5a wp-block-group-is-layout-flex\"><figure class=\"wp-block-post-featured-image\"><a href=\"https:\/\/vsa-utilitaire.fr\/index.php\/2024\/10\/21\/pourquoi-un-amenagement-utilitaire-sur-mesure-est-essentiel-pour-les-artisans\/\" target=\"_self\"  ><img decoding=\"async\" width=\"940\" height=\"788\" src=\"https:\/\/vsa-utilitaire.fr\/wp-content\/uploads\/2024\/10\/V.S.A-solution-sur-mesure.png\" class=\"attachment-post-thumbnail size-post-thumbnail wp-post-image\" alt=\"Pourquoi un am\u00e9nagement sur-mesure est essentiel pour les artisans ?\" style=\"object-fit:cover;\" srcset=\"https:\/\/vsa-utilitaire.fr\/wp-content\/uploads\/2024\/10\/V.S.A-solution-sur-mesure.png 940w, https:\/\/vsa-utilitaire.fr\/wp-content\/uploads\/2024\/10\/V.S.A-solution-sur-mesure-300x251.png 300w, https:\/\/vsa-utilitaire.fr\/wp-content\/uploads\/2024\/10\/V.S.A-solution-sur-mesure-768x644.png 768w\" sizes=\"(max-width: 940px) 100vw, 940px\" \/><\/a><\/figure>\n\n<h2 class=\"wp-block-post-title has-large-font-size\"><a href=\"https:\/\/vsa-utilitaire.fr\/index.php\/2024\/10\/21\/pourquoi-un-amenagement-utilitaire-sur-mesure-est-essentiel-pour-les-artisans\/\" target=\"_self\" >Pourquoi un am\u00e9nagement sur-mesure est essentiel pour les artisans ?<\/a><\/h2>\n\n<div class=\"wp-block-template-part\">\n<div class=\"wp-block-group has-global-padding is-layout-constrained wp-block-group-is-layout-constrained\">\n<div class=\"wp-block-group has-custom-color-1-color has-text-color has-link-color wp-elements-5c26dbbd59a029719978b686d2f2dac3 is-content-justification-left is-layout-flex wp-container-core-group-is-layout-dfe8e91f wp-block-group-is-layout-flex\"><div class=\"wp-block-post-date\"><time datetime=\"2024-10-21T15:45:45+02:00\"><a href=\"https:\/\/vsa-utilitaire.fr\/index.php\/2024\/10\/21\/pourquoi-un-amenagement-utilitaire-sur-mesure-est-essentiel-pour-les-artisans\/\">21 octobre 2024<\/a><\/time><\/div><\/div>\n<\/div>\n<\/div><\/article>\n\n\n<div class=\"has-link-color wp-elements-e43f42a47354589944e4e3dd8d7f8ca1 wp-block-post-excerpt has-text-color has-custom-color-1-color\"><p class=\"wp-block-post-excerpt__excerpt\">Pour un artisan, le v\u00e9hicule utilitaire n\u2019est pas simplement un moyen de transport, c\u2019est un v\u00e9ritable espace de travail mobile. Chaque jour, vous y transportez vos outils, vos mat\u00e9riaux, et parfois m\u00eame votre savoir-faire. Pourtant, combien de fois vous \u00eates-vous\u2026 <\/p><\/div>\n\n\n<div style=\"height:100px\" aria-hidden=\"true\" class=\"wp-block-spacer\"><\/div>\n\n<\/li><\/ul>\n\n\n\n<\/div>\n<\/div>\n\n\n\n<div class=\"wp-block-column is-layout-flow wp-block-column-is-layout-flow\" style=\"flex-basis:10%\"><\/div>\n\n\n\n<div class=\"wp-block-column is-layout-flow wp-block-column-is-layout-flow\" style=\"flex-basis:30%\"><aside class=\"wp-block-template-part\">\n<div class=\"wp-block-group is-layout-flow wp-container-core-group-is-layout-0ba1ad86 wp-block-group-is-layout-flow\" style=\"padding-right:0;padding-left:0\">\n<hr class=\"wp-block-separator has-text-color has-contrast-color has-alpha-channel-opacity has-contrast-background-color has-background is-style-wide\"\/>\n\n\n\n<div class=\"wp-block-group has-global-padding is-layout-constrained wp-container-core-group-is-layout-1e17d720 wp-block-group-is-layout-constrained\">\n<h2 class=\"wp-block-heading\" style=\"font-size:clamp(1.039rem, 1.039rem + ((1vw - 0.2rem) * 0.935), 1.6rem);\">Cat\u00e9gories populaires<\/h2>\n\n\n<ul class=\"wp-block-categories-list wp-block-categories has-small-font-size\">\t<li class=\"cat-item cat-item-34\"><a href=\"https:\/\/vsa-utilitaire.fr\/index.php\/category\/optimisation-despace\/\">Optimisation d&#039;espace<\/a> (1)\n<\/li>\n\t<li class=\"cat-item cat-item-33\"><a href=\"https:\/\/vsa-utilitaire.fr\/index.php\/category\/sante-mentale-au-travail\/\">Sant\u00e9 mentale au travail<\/a> (1)\n<\/li>\n<\/ul><\/div>\n\n\n\n<hr class=\"wp-block-separator has-text-color has-contrast-color has-alpha-channel-opacity has-contrast-background-color has-background is-style-wide\"\/>\n\n\n\n<div class=\"wp-block-group has-global-padding is-layout-constrained wp-container-core-group-is-layout-5ad7779d wp-block-group-is-layout-constrained\">\n<div class=\"wp-block-group is-vertical is-layout-flex wp-container-core-group-is-layout-b2c973f4 wp-block-group-is-layout-flex\">\n<h2 class=\"wp-block-heading\" style=\"font-size:clamp(1.039rem, 1.039rem + ((1vw - 0.2rem) * 0.935), 1.6rem);\">Soyez connect\u00e9<\/h2>\n\n\n\n<p class=\"has-small-font-size\">Rejoignez-nous sur les r\u00e9seaux sociaux<\/p>\n<\/div>\n\n\n<nav style=\"font-style:normal;font-weight:400;\" class=\"has-text-color has-custom-color-1-color has-small-font-size  is-vertical wp-block-navigation is-layout-flex wp-container-core-navigation-is-layout-ea0cb840 wp-block-navigation-is-layout-flex\" aria-label=\"Navigation 2\"><ul style=\"font-style:normal;font-weight:400;\" class=\"wp-block-navigation__container has-text-color has-custom-color-1-color has-small-font-size  is-vertical wp-block-navigation has-small-font-size\"><li style=\"text-decoration:underline;\" class=\"has-small-font-size wp-block-navigation-item is-style-arrow-link wp-block-navigation-link\"><a class=\"wp-block-navigation-item__content\"  href=\"\"><span class=\"wp-block-navigation-item__label\">Facebook<\/span><\/a><\/li><li style=\"text-decoration:underline;\" class=\"has-small-font-size wp-block-navigation-item is-style-arrow-link wp-block-navigation-link\"><a class=\"wp-block-navigation-item__content\"  href=\"\"><span class=\"wp-block-navigation-item__label\">Instagram<\/span><\/a><\/li><li class=\"has-small-font-size wp-block-navigation-item wp-block-navigation-link\"><a class=\"wp-block-navigation-item__content\"  href=\"\"><span class=\"wp-block-navigation-item__label\">LinkedIn<\/span><\/a><\/li><\/ul><\/nav><\/div>\n\n\n\n<hr class=\"wp-block-separator has-text-color has-contrast-color has-alpha-channel-opacity has-contrast-background-color has-background is-style-wide\"\/>\n\n\n\n<div class=\"wp-block-group is-vertical is-content-justification-stretch is-layout-flex wp-container-core-group-is-layout-38a18bb4 wp-block-group-is-layout-flex\">\n<h2 class=\"wp-block-heading\" style=\"font-size:clamp(1.039rem, 1.039rem + ((1vw - 0.2rem) * 0.935), 1.6rem);\">Rechercher sur ce site<\/h2>\n\n\n<form role=\"search\" method=\"get\" action=\"https:\/\/vsa-utilitaire.fr\/\" class=\"wp-block-search__button-outside wp-block-search__text-button wp-block-search\"    ><label class=\"wp-block-search__label screen-reader-text\" for=\"wp-block-search__input-1\" >Rechercher<\/label><div class=\"wp-block-search__inside-wrapper\"  style=\"width: 100%\"><input class=\"wp-block-search__input\" id=\"wp-block-search__input-1\" placeholder=\"Rechercher\u2026\" value=\"\" type=\"search\" name=\"s\" required \/><button aria-label=\"Rechercher\" class=\"wp-block-search__button wp-element-button\" type=\"submit\" >Rechercher<\/button><\/div><\/form><\/div>\n\n\n\n<div style=\"height:var(--wp--preset--spacing--10)\" aria-hidden=\"true\" class=\"wp-block-spacer\"><\/div>\n<\/div>\n<\/aside><\/div>\n<\/div>\n<\/div>\n\n\n\n<div class=\"wp-block-group alignfull has-global-padding is-layout-constrained wp-container-core-group-is-layout-d89aad35 wp-block-group-is-layout-constrained\" style=\"margin-top:0;margin-bottom:0;padding-top:var(--wp--preset--spacing--50);padding-right:var(--wp--preset--spacing--50);padding-bottom:var(--wp--preset--spacing--50);padding-left:var(--wp--preset--spacing--50)\">\n<div class=\"wp-block-group alignwide has-base-2-background-color has-background has-global-padding is-layout-constrained wp-container-core-group-is-layout-39412042 wp-block-group-is-layout-constrained\" style=\"border-radius:16px;padding-top:var(--wp--preset--spacing--40);padding-right:var(--wp--preset--spacing--50);padding-bottom:var(--wp--preset--spacing--40);padding-left:var(--wp--preset--spacing--50)\">\n<div style=\"height:var(--wp--preset--spacing--10)\" aria-hidden=\"true\" class=\"wp-block-spacer\"><\/div>\n\n\n\n<h2 class=\"wp-block-heading has-text-align-center has-x-large-font-size\">Rejoignez-nous<\/h2>\n\n\n\n<p class=\"has-text-align-center\">Tenez-vous inform\u00e9 des actualit\u00e9s et des derni\u00e8res innovations.<\/p>\n\n\n\n<div class=\"wp-block-buttons is-content-justification-center is-layout-flex wp-container-core-buttons-is-layout-a89b3969 wp-block-buttons-is-layout-flex\">\n<div class=\"wp-block-button\"><a class=\"wp-block-button__link wp-element-button\">S\u2019inscrire<\/a><\/div>\n<\/div>\n\n\n\n<div style=\"height:var(--wp--preset--spacing--10)\" aria-hidden=\"true\" class=\"wp-block-spacer\"><\/div>\n<\/div>\n<\/div>\n\n\n\n<p><\/p>\n","protected":false},"excerpt":{"rendered":"<p>V\u00e9hicule Service Am\u00e9nagement Rejoignez-nous Tenez-vous inform\u00e9 des actualit\u00e9s et des derni\u00e8res innovations.<\/p>\n","protected":false},"author":2,"featured_media":0,"parent":0,"menu_order":0,"comment_status":"closed","ping_status":"closed","template":"autres-pages-vsa","meta":{"om_disable_all_campaigns":false,"_monsterinsights_skip_tracking":false,"_monsterinsights_sitenote_active":false,"_monsterinsights_sitenote_note":"","_monsterinsights_sitenote_category":0,"footnotes":""},"class_list":["post-1288","page","type-page","status-publish","hentry"],"aioseo_notices":[],"_links":{"self":[{"href":"https:\/\/vsa-utilitaire.fr\/index.php\/wp-json\/wp\/v2\/pages\/1288","targetHints":{"allow":["GET"]}}],"collection":[{"href":"https:\/\/vsa-utilitaire.fr\/index.php\/wp-json\/wp\/v2\/pages"}],"about":[{"href":"https:\/\/vsa-utilitaire.fr\/index.php\/wp-json\/wp\/v2\/types\/page"}],"author":[{"embeddable":true,"href":"https:\/\/vsa-utilitaire.fr\/index.php\/wp-json\/wp\/v2\/users\/2"}],"replies":[{"embeddable":true,"href":"https:\/\/vsa-utilitaire.fr\/index.php\/wp-json\/wp\/v2\/comments?post=1288"}],"version-history":[{"count":20,"href":"https:\/\/vsa-utilitaire.fr\/index.php\/wp-json\/wp\/v2\/pages\/1288\/revisions"}],"predecessor-version":[{"id":1656,"href":"https:\/\/vsa-utilitaire.fr\/index.php\/wp-json\/wp\/v2\/pages\/1288\/revisions\/1656"}],"wp:attachment":[{"href":"https:\/\/vsa-utilitaire.fr\/index.php\/wp-json\/wp\/v2\/media?parent=1288"}],"curies":[{"name":"wp","href":"https:\/\/api.w.org\/{rel}","templated":true}]}}