{"id":1661,"date":"2024-10-22T12:21:55","date_gmt":"2024-10-22T10:21:55","guid":{"rendered":"https:\/\/vsa-utilitaire.fr\/?page_id=1661"},"modified":"2024-10-22T12:21:58","modified_gmt":"2024-10-22T10:21:58","slug":"mentions-legales","status":"publish","type":"page","link":"https:\/\/vsa-utilitaire.fr\/index.php\/mentions-legales\/","title":{"rendered":"Mentions l\u00e9gales"},"content":{"rendered":"\n<p><strong>Propri\u00e9taire du site :<\/strong><br><strong>V.S.A<\/strong><br>Responsable de la publication : Pascal Dendievel<br>Adresse :161 Route de la Chapelle 73000 Sonnaz<br>Email : Merci d&rsquo;utiliser <a href=\"https:\/\/vsa-utilitaire.fr\/index.php\/contact\/\" target=\"_blank\" rel=\"noopener\" title=\"Travaillons Ensemble et Gagnez En Productivit\u00e9\">le formulaire de contact<\/a><br>Num\u00e9ro SIRET : 93260446500017<\/p>\n\n\n\n<p><strong>Cr\u00e9ation du site internet :<\/strong><br><strong>Coup de Com<\/strong><br>Juliette Forest<br>Adresse : Aix les Bains<br>Email : <a href=\"https:\/\/coup-de-com.com\/contact\/\" target=\"_blank\" rel=\"noopener\" title=\"\">Formulaire de contact Coup de com <br><\/a>Site web : <a href=\"https:\/\/coup-de-com.com\/\">https:\/\/coup-de-com.com\/<\/a><\/p>\n\n\n\n<p><strong>H\u00e9bergement :<\/strong><br>Nom de l&rsquo;h\u00e9bergeur : OVH<br>Adresse : 2, rue Kellermann, 59100 Roubaix.<a href=\"https:\/\/coup-de-com.com\/contact\/\"><br><\/a><div><span style=\"color: var(--YLNNHc); font-family: &quot;Google Sans&quot;, sans-serif; font-size: 20px; background-color: rgb(255, 255, 255); white-space-collapse: collapse;\"><\/span><\/div><\/p>\n\n\n\n<p><strong>Propri\u00e9t\u00e9 intellectuelle :<\/strong><br>Tous les contenus (textes, images, logos) sont la propri\u00e9t\u00e9 de V.S.A et ne peuvent \u00eatre reproduits sans autorisation.<\/p>\n","protected":false},"excerpt":{"rendered":"<p>Propri\u00e9taire du site :V.S.AResponsable de la publication : Pascal DendievelAdresse :161 Route de la Chapelle 73000 SonnazEmail : Merci d&rsquo;utiliser le formulaire de contactNum\u00e9ro SIRET : 93260446500017 Cr\u00e9ation du site internet :Coup de ComJuliette ForestAdresse : Aix les BainsEmail : Formulaire de contact Coup de com Site web : https:\/\/coup-de-com.com\/ H\u00e9bergement :Nom de l&rsquo;h\u00e9bergeur : [&hellip;]<\/p>\n","protected":false},"author":2,"featured_media":0,"parent":0,"menu_order":0,"comment_status":"closed","ping_status":"closed","template":"","meta":{"om_disable_all_campaigns":false,"_monsterinsights_skip_tracking":false,"_monsterinsights_sitenote_active":false,"_monsterinsights_sitenote_note":"","_monsterinsights_sitenote_category":0,"footnotes":""},"class_list":["post-1661","page","type-page","status-publish","hentry"],"aioseo_notices":[],"_links":{"self":[{"href":"https:\/\/vsa-utilitaire.fr\/index.php\/wp-json\/wp\/v2\/pages\/1661","targetHints":{"allow":["GET"]}}],"collection":[{"href":"https:\/\/vsa-utilitaire.fr\/index.php\/wp-json\/wp\/v2\/pages"}],"about":[{"href":"https:\/\/vsa-utilitaire.fr\/index.php\/wp-json\/wp\/v2\/types\/page"}],"author":[{"embeddable":true,"href":"https:\/\/vsa-utilitaire.fr\/index.php\/wp-json\/wp\/v2\/users\/2"}],"replies":[{"embeddable":true,"href":"https:\/\/vsa-utilitaire.fr\/index.php\/wp-json\/wp\/v2\/comments?post=1661"}],"version-history":[{"count":1,"href":"https:\/\/vsa-utilitaire.fr\/index.php\/wp-json\/wp\/v2\/pages\/1661\/revisions"}],"predecessor-version":[{"id":1662,"href":"https:\/\/vsa-utilitaire.fr\/index.php\/wp-json\/wp\/v2\/pages\/1661\/revisions\/1662"}],"wp:attachment":[{"href":"https:\/\/vsa-utilitaire.fr\/index.php\/wp-json\/wp\/v2\/media?parent=1661"}],"curies":[{"name":"wp","href":"https:\/\/api.w.org\/{rel}","templated":true}]}}