{"id":563,"date":"2021-12-13T04:15:18","date_gmt":"2021-12-13T04:15:18","guid":{"rendered":"https:\/\/blockart-agency.sites.qsandbox.com\/?page_id=563"},"modified":"2025-10-22T17:07:55","modified_gmt":"2025-10-22T15:07:55","slug":"a-propos","status":"publish","type":"page","link":"https:\/\/vsa-utilitaire.fr\/index.php\/a-propos\/","title":{"rendered":"Apprenez-en plus sur nous, nos valeurs et nos engagements"},"content":{"rendered":"\n<div class=\"alignfull blockart-section blockart-section-ce8e6663 alignfull\"><div class=\"blockart-container\"><div class=\"blockart-section-inner\">\n<div class=\"blockart-column blockart-column-a9e2cbe9\"><div class=\"blockart-column-inner\">\n<h2 class=\"wp-block-heading alignfull has-text-align-center has-large-font-size\">V\u00e9hicule Service Am\u00e9nagement <\/h2>\n\n\n\n<p class=\"has-text-align-center\" style=\"font-size:clamp(1.039rem, 1.039rem + ((1vw - 0.2rem) * 0.935), 1.6rem);font-style:normal;font-weight:100\">C\u2019est l\u2019engagement de concevoir des am\u00e9nagements utilitaires sur-mesure, robustes et ergonomiques, adapt\u00e9s \u00e0 vos exigences professionnelles.<br>Apprenez-en plus sur nous, nos valeurs et nos engagements !<\/p>\n<\/div><\/div>\n<\/div><\/div><\/div>\n\n\n\n<div style=\"height:var(--wp--preset--spacing--20)\" aria-hidden=\"true\" class=\"wp-block-spacer\"><\/div>\n\n\n\n<figure class=\"wp-block-image alignwide size-full\"><img fetchpriority=\"high\" decoding=\"async\" width=\"2240\" height=\"600\" src=\"https:\/\/vsa-utilitaire.fr\/wp-content\/uploads\/2025\/10\/VSA-banniere-a-propos-4.png\" alt=\"\" class=\"wp-image-1822\" srcset=\"https:\/\/vsa-utilitaire.fr\/wp-content\/uploads\/2025\/10\/VSA-banniere-a-propos-4.png 2240w, https:\/\/vsa-utilitaire.fr\/wp-content\/uploads\/2025\/10\/VSA-banniere-a-propos-4-300x80.png 300w, https:\/\/vsa-utilitaire.fr\/wp-content\/uploads\/2025\/10\/VSA-banniere-a-propos-4-1024x274.png 1024w, https:\/\/vsa-utilitaire.fr\/wp-content\/uploads\/2025\/10\/VSA-banniere-a-propos-4-768x206.png 768w, https:\/\/vsa-utilitaire.fr\/wp-content\/uploads\/2025\/10\/VSA-banniere-a-propos-4-1536x411.png 1536w, https:\/\/vsa-utilitaire.fr\/wp-content\/uploads\/2025\/10\/VSA-banniere-a-propos-4-2048x549.png 2048w\" sizes=\"(max-width: 2240px) 100vw, 2240px\" \/><\/figure>\n\n\n\n<div style=\"height:100px\" aria-hidden=\"true\" class=\"wp-block-spacer\"><\/div>\n\n\n\n<div class=\"wp-block-media-text alignwide is-stacked-on-mobile\" style=\"grid-template-columns:42% auto\"><figure class=\"wp-block-media-text__media\"><img decoding=\"async\" width=\"940\" height=\"788\" src=\"https:\/\/vsa-utilitaire.fr\/wp-content\/uploads\/2025\/10\/V.S.A-Pascal-Dendievel-Chambery-73.png\" alt=\"\" class=\"wp-image-1820 size-full\" srcset=\"https:\/\/vsa-utilitaire.fr\/wp-content\/uploads\/2025\/10\/V.S.A-Pascal-Dendievel-Chambery-73.png 940w, https:\/\/vsa-utilitaire.fr\/wp-content\/uploads\/2025\/10\/V.S.A-Pascal-Dendievel-Chambery-73-300x251.png 300w, https:\/\/vsa-utilitaire.fr\/wp-content\/uploads\/2025\/10\/V.S.A-Pascal-Dendievel-Chambery-73-768x644.png 768w\" sizes=\"(max-width: 940px) 100vw, 940px\" \/><\/figure><div class=\"wp-block-media-text__content\">\n<h2 class=\"wp-block-heading\">Une passion artisanale au service des professionnels<\/h2>\n\n\n\n<p>V.S.A a \u00e9t\u00e9 fond\u00e9e par Pascal Dendievel, un artisan passionn\u00e9 par l&rsquo;optimisation des espaces de travail pour les professionnels. Ayant lui-m\u00eame travaill\u00e9 de nombreuses ann\u00e9es dans des m\u00e9tiers manuels, il a souvent constat\u00e9 \u00e0 quel point un espace de travail bien organis\u00e9 pouvait transformer l\u2019efficacit\u00e9 au quotidien. C&rsquo;est de cette observation qu&rsquo;est n\u00e9e l&rsquo;id\u00e9e de V.S.A : proposer des am\u00e9nagements utilitaires sur-mesure pour les artisans et les professionnels.<\/p>\n\n\n\n<p>Pascal a commenc\u00e9 par am\u00e9nager ses propres v\u00e9hicules, avant de proposer ses services \u00e0 d&rsquo;autres artisans de son r\u00e9seau. Fort de son expertise, il a d\u00e9cid\u00e9 de lancer V.S.A pour offrir des solutions robustes, ergonomiques et personnalis\u00e9es, adapt\u00e9es aux besoins sp\u00e9cifiques de chaque m\u00e9tier. Aujourd\u2019hui, l\u2019entreprise accompagne de nombreux professionnels dans l\u2019optimisation de leurs v\u00e9hicules utilitaires, en leur permettant de travailler dans des conditions id\u00e9ales.<\/p>\n<\/div><\/div>\n\n\n\n<div style=\"height:100px\" aria-hidden=\"true\" class=\"wp-block-spacer\"><\/div>\n\n\n\n<div class=\"wp-block-media-text alignwide has-media-on-the-right is-stacked-on-mobile\" style=\"grid-template-columns:auto 45%\"><div class=\"wp-block-media-text__content\">\n<h2 class=\"wp-block-heading\">Une entreprise cr\u00e9\u00e9e par un artisan, pour les artisans<\/h2>\n\n\n\n<p>V.S.A a vu le jour suite \u00e0 une prise de conscience : chaque m\u00e9tier a des exigences uniques, et pourtant, trop peu de solutions existent pour optimiser l\u2019espace de travail mobile des artisans. Pascal Dendievel, le fondateur de V.S.A, est un artisan dans l&rsquo;\u00e2me, ayant travaill\u00e9 dans diff\u00e9rents secteurs o\u00f9 l\u2019organisation des outils et l\u2019efficacit\u00e9 \u00e9taient essentielles. Apr\u00e8s des ann\u00e9es \u00e0 chercher des solutions adapt\u00e9es \u00e0 ses besoins, il a d\u00e9cid\u00e9 de cr\u00e9er lui-m\u00eame des am\u00e9nagements sur-mesure pour ses v\u00e9hicules utilitaires.<\/p>\n\n\n\n<p>Ce projet personnel a rapidement attir\u00e9 l\u2019attention de ses pairs, qui ont commenc\u00e9 \u00e0 solliciter ses services. C\u2019est ainsi que V.S.A est devenue une entreprise sp\u00e9cialis\u00e9e dans l\u2019am\u00e9nagement utilitaire sur-mesure, avec une approche personnalis\u00e9e pour chaque client. Aujourd&rsquo;hui, V.S.A se distingue par sa capacit\u00e9 \u00e0 concevoir des espaces de travail mobiles qui am\u00e9liorent la productivit\u00e9 et facilitent la vie des professionnels sur le terrain.<\/p>\n<\/div><figure class=\"wp-block-media-text__media\"><img decoding=\"async\" width=\"940\" height=\"788\" src=\"http:\/\/vsa-utilitaire.fr\/wp-content\/uploads\/2025\/10\/31.png\" alt=\"\" class=\"wp-image-1769 size-full\" srcset=\"https:\/\/vsa-utilitaire.fr\/wp-content\/uploads\/2025\/10\/31.png 940w, https:\/\/vsa-utilitaire.fr\/wp-content\/uploads\/2025\/10\/31-300x251.png 300w, https:\/\/vsa-utilitaire.fr\/wp-content\/uploads\/2025\/10\/31-768x644.png 768w\" sizes=\"(max-width: 940px) 100vw, 940px\" \/><\/figure><\/div>\n\n\n\n<div class=\"wp-block-group alignfull has-global-padding is-layout-constrained wp-container-core-group-is-layout-669513ed wp-block-group-is-layout-constrained\" style=\"margin-top:0;margin-bottom:0;padding-top:var(--wp--preset--spacing--50);padding-right:var(--wp--preset--spacing--50);padding-bottom:var(--wp--preset--spacing--50);padding-left:var(--wp--preset--spacing--50)\">\n<h2 class=\"wp-block-heading alignwide has-text-align-center has-xx-large-font-size\">Nos valeurs et engagements<\/h2>\n\n\n\n<div class=\"alignfull blockart-section blockart-section-1340fad7 alignfull\"><div class=\"blockart-container\"><div class=\"blockart-section-inner\">\n<div class=\"blockart-column blockart-column-744c73c8\"><div class=\"blockart-column-inner\">\n<p class=\"has-text-align-center\">L\u2019am\u00e9nagement d\u2019un v\u00e9hicule utilitaire ne doit pas se limiter \u00e0 un simple ajustement d\u2019espace. Il s\u2019agit de cr\u00e9er des solutions personnalis\u00e9es, pens\u00e9es pour optimiser votre efficacit\u00e9 au travail tout en respectant des valeurs fondamentales qui guident chacune de nos actions.<\/p>\n<\/div><\/div>\n<\/div><\/div><\/div>\n\n\n\n<div style=\"height:var(--wp--preset--spacing--30)\" aria-hidden=\"true\" class=\"wp-block-spacer\"><\/div>\n\n\n\n<div class=\"wp-block-columns alignwide is-layout-flex wp-container-core-columns-is-layout-4935966c wp-block-columns-is-layout-flex\" style=\"padding-right:0;padding-left:0\">\n<div class=\"wp-block-column is-layout-flow wp-container-core-column-is-layout-19eabfb7 wp-block-column-is-layout-flow\">\n<figure class=\"wp-block-image aligncenter size-full is-resized is-style-rounded is-style-rounded--1\"><img loading=\"lazy\" decoding=\"async\" width=\"500\" height=\"500\" src=\"https:\/\/vsa-utilitaire.fr\/wp-content\/uploads\/2024\/10\/VSA-picto-Qualite-et-robustesse.png\" alt=\"\" class=\"wp-image-1461\" style=\"object-fit:cover;width:117px;height:auto\" srcset=\"https:\/\/vsa-utilitaire.fr\/wp-content\/uploads\/2024\/10\/VSA-picto-Qualite-et-robustesse.png 500w, https:\/\/vsa-utilitaire.fr\/wp-content\/uploads\/2024\/10\/VSA-picto-Qualite-et-robustesse-300x300.png 300w, https:\/\/vsa-utilitaire.fr\/wp-content\/uploads\/2024\/10\/VSA-picto-Qualite-et-robustesse-150x150.png 150w\" sizes=\"(max-width: 500px) 100vw, 500px\" \/><\/figure>\n\n\n\n<h3 class=\"wp-block-heading has-text-align-center has-small-font-size\" style=\"text-transform:uppercase\">Qualit\u00e9 et robustesse<\/h3>\n\n\n\n<p class=\"has-text-align-center has-small-font-size\">Chaque am\u00e9nagement que nous concevons est fabriqu\u00e9 avec des mat\u00e9riaux de haute qualit\u00e9, choisis pour leur robustesse et leur durabilit\u00e9. Que ce soit pour des solutions en acier, aluminium ou bois, nous nous assurons que vos installations r\u00e9sistent aux exigences de votre m\u00e9tier.<\/p>\n<\/div>\n\n\n\n<div class=\"wp-block-column is-layout-flow wp-container-core-column-is-layout-19eabfb7 wp-block-column-is-layout-flow\">\n<figure class=\"wp-block-image aligncenter size-full is-resized is-style-rounded is-style-rounded--2\"><img loading=\"lazy\" decoding=\"async\" width=\"500\" height=\"500\" src=\"https:\/\/vsa-utilitaire.fr\/wp-content\/uploads\/2024\/10\/VSA-picto-Sur-mesure-et-personnalisation.png\" alt=\"\" class=\"wp-image-1462\" style=\"aspect-ratio:1;object-fit:cover;width:117px\" srcset=\"https:\/\/vsa-utilitaire.fr\/wp-content\/uploads\/2024\/10\/VSA-picto-Sur-mesure-et-personnalisation.png 500w, https:\/\/vsa-utilitaire.fr\/wp-content\/uploads\/2024\/10\/VSA-picto-Sur-mesure-et-personnalisation-300x300.png 300w, https:\/\/vsa-utilitaire.fr\/wp-content\/uploads\/2024\/10\/VSA-picto-Sur-mesure-et-personnalisation-150x150.png 150w\" sizes=\"(max-width: 500px) 100vw, 500px\" \/><\/figure>\n\n\n\n<h3 class=\"wp-block-heading has-text-align-center has-small-font-size\" style=\"text-transform:uppercase\">Sur-mesure et personnalisation<\/h3>\n\n\n\n<p class=\"has-text-align-center has-small-font-size\">Nous savons que chaque m\u00e9tier est unique, c\u2019est pourquoi chaque projet est enti\u00e8rement personnalis\u00e9. Nous travaillons en \u00e9troite collaboration avec vous pour concevoir un am\u00e9nagement sur-mesure, adapt\u00e9 \u00e0 vos besoins sp\u00e9cifiques, afin de maximiser l&rsquo;espace et la productivit\u00e9.<\/p>\n<\/div>\n\n\n\n<div class=\"wp-block-column is-layout-flow wp-container-core-column-is-layout-19eabfb7 wp-block-column-is-layout-flow\">\n<figure class=\"wp-block-image aligncenter size-full is-resized is-style-rounded is-style-rounded--3\"><img loading=\"lazy\" decoding=\"async\" width=\"500\" height=\"500\" src=\"https:\/\/vsa-utilitaire.fr\/wp-content\/uploads\/2024\/10\/VSA-picto-Engagement-ecologique.png\" alt=\"\" class=\"wp-image-1463\" style=\"aspect-ratio:1;object-fit:cover;width:117px\" srcset=\"https:\/\/vsa-utilitaire.fr\/wp-content\/uploads\/2024\/10\/VSA-picto-Engagement-ecologique.png 500w, https:\/\/vsa-utilitaire.fr\/wp-content\/uploads\/2024\/10\/VSA-picto-Engagement-ecologique-300x300.png 300w, https:\/\/vsa-utilitaire.fr\/wp-content\/uploads\/2024\/10\/VSA-picto-Engagement-ecologique-150x150.png 150w\" sizes=\"(max-width: 500px) 100vw, 500px\" \/><\/figure>\n\n\n\n<h3 class=\"wp-block-heading has-text-align-center has-small-font-size\" style=\"text-transform:uppercase\">Engagement \u00e9cologique<\/h3>\n\n\n\n<p class=\"has-text-align-center has-small-font-size\">Conscients de l\u2019importance de pr\u00e9server notre environnement, nous privil\u00e9gions l\u2019utilisation de mat\u00e9riaux recyclables et durables. Par cons\u00e9quent, nos am\u00e9nagements sont con\u00e7us pour r\u00e9duire le poids total du v\u00e9hicule, contribuant ainsi \u00e0 diminuer sa consommation de carburant et son impact environnemental.<\/p>\n<\/div>\n<\/div>\n\n\n\n<div class=\"wp-block-columns alignwide is-layout-flex wp-container-core-columns-is-layout-4935966c wp-block-columns-is-layout-flex\" style=\"padding-right:0;padding-left:0\">\n<div class=\"wp-block-column is-layout-flow wp-container-core-column-is-layout-19eabfb7 wp-block-column-is-layout-flow\">\n<figure class=\"wp-block-image aligncenter size-full is-resized is-style-rounded is-style-rounded--4\"><img loading=\"lazy\" decoding=\"async\" width=\"500\" height=\"500\" src=\"https:\/\/vsa-utilitaire.fr\/wp-content\/uploads\/2024\/10\/VSA-picto-Proximite-et-ecoute.png\" alt=\"\" class=\"wp-image-1464\" style=\"aspect-ratio:1;object-fit:cover;width:117px\" srcset=\"https:\/\/vsa-utilitaire.fr\/wp-content\/uploads\/2024\/10\/VSA-picto-Proximite-et-ecoute.png 500w, https:\/\/vsa-utilitaire.fr\/wp-content\/uploads\/2024\/10\/VSA-picto-Proximite-et-ecoute-300x300.png 300w, https:\/\/vsa-utilitaire.fr\/wp-content\/uploads\/2024\/10\/VSA-picto-Proximite-et-ecoute-150x150.png 150w\" sizes=\"(max-width: 500px) 100vw, 500px\" \/><\/figure>\n\n\n\n<h3 class=\"wp-block-heading has-text-align-center has-small-font-size\" style=\"text-transform:uppercase\">Proximit\u00e9 et \u00e9coute<\/h3>\n\n\n\n<p class=\"has-text-align-center has-small-font-size\">Nous pla\u00e7ons l\u2019\u00e9coute et la proximit\u00e9 avec nos clients au c\u0153ur de notre d\u00e9marche. Chaque projet est l\u2019occasion de cr\u00e9er une solution unique, mais aussi d&rsquo;\u00e9tablir une relation de confiance. C&rsquo;est pourquoi, notre \u00e9quipe est toujours disponible pour vous conseiller et vous accompagner tout au long du processus.<\/p>\n<\/div>\n\n\n\n<div class=\"wp-block-column is-layout-flow wp-container-core-column-is-layout-19eabfb7 wp-block-column-is-layout-flow\">\n<figure class=\"wp-block-image aligncenter size-full is-resized is-style-rounded is-style-rounded--5\"><img loading=\"lazy\" decoding=\"async\" width=\"500\" height=\"500\" src=\"https:\/\/vsa-utilitaire.fr\/wp-content\/uploads\/2024\/10\/VSA-picto-Innovation-continue.png\" alt=\"\" class=\"wp-image-1465\" style=\"aspect-ratio:1;object-fit:cover;width:117px\" srcset=\"https:\/\/vsa-utilitaire.fr\/wp-content\/uploads\/2024\/10\/VSA-picto-Innovation-continue.png 500w, https:\/\/vsa-utilitaire.fr\/wp-content\/uploads\/2024\/10\/VSA-picto-Innovation-continue-300x300.png 300w, https:\/\/vsa-utilitaire.fr\/wp-content\/uploads\/2024\/10\/VSA-picto-Innovation-continue-150x150.png 150w\" sizes=\"(max-width: 500px) 100vw, 500px\" \/><\/figure>\n\n\n\n<h3 class=\"wp-block-heading has-text-align-center has-small-font-size\" style=\"text-transform:uppercase\">Innovation continue<\/h3>\n\n\n\n<p class=\"has-text-align-center has-small-font-size\">L&rsquo;innovation est au c\u0153ur de nos valeurs. Nous explorons constamment de nouvelles id\u00e9es et technologies pour am\u00e9liorer nos solutions d\u2019am\u00e9nagement utilitaire, vous offrant ainsi les meilleurs produits disponibles sur le march\u00e9.<\/p>\n<\/div>\n<\/div>\n<\/div>\n\n\n\n<div class=\"wp-block-group alignfull has-border-color has-custom-color-5-border-color has-custom-color-1-background-color has-background has-global-padding is-layout-constrained wp-container-core-group-is-layout-121f5c54 wp-block-group-is-layout-constrained\" style=\"border-width:2px;border-radius:44px;padding-top:var(--wp--preset--spacing--40);padding-bottom:var(--wp--preset--spacing--40);background-image:url(&apos;http:\/\/vsa-utilitaire.fr\/wp-content\/uploads\/2024\/10\/banniere-header-page-daccueil-1-1.png&apos;);background-position:46% 8%;background-size:cover;\">\n<h2 class=\"wp-block-heading alignwide has-text-align-center has-custom-color-2-color has-text-color has-link-color wp-elements-e87ea23884d8fce2fbf98e1c03895cf3\" style=\"font-style:normal;font-weight:800;text-transform:uppercase\">Pourquoi choisir VSA ?<\/h2>\n\n\n\n<div class=\"wp-block-columns alignfull is-layout-flex wp-container-core-columns-is-layout-28f84493 wp-block-columns-is-layout-flex\">\n<div class=\"wp-block-column has-custom-color-5-color has-text-color has-link-color wp-elements-b0bb1e883ac24154493f1f9bb7de533b is-layout-flow wp-block-column-is-layout-flow\">\n<h3 class=\"wp-block-heading has-text-align-center has-custom-color-1-color has-text-color has-link-color wp-elements-562ab6b119ba87d3c35ab6db08eefae6\" style=\"padding-top:0;padding-right:0;padding-bottom:0;padding-left:0\">Flexibilit\u00e9 <br>&amp; adaptabilit\u00e9<\/h3>\n<\/div>\n\n\n\n<div class=\"wp-block-column is-layout-flow wp-block-column-is-layout-flow\">\n<h3 class=\"wp-block-heading has-text-align-center has-custom-color-1-color has-text-color has-link-color wp-elements-27199c192711dfb885086f6eca4e9538\">Gain de <br>productivit\u00e9<\/h3>\n<\/div>\n\n\n\n<div class=\"wp-block-column is-layout-flow wp-block-column-is-layout-flow\">\n<h3 class=\"wp-block-heading has-text-align-center has-custom-color-1-color has-text-color has-link-color wp-elements-dc3860cd6cd5e3836f3e779afe440bcb\">Solutions<br>innovantes<\/h3>\n<\/div>\n\n\n\n<div class=\"wp-block-column is-layout-flow wp-block-column-is-layout-flow\">\n<h3 class=\"wp-block-heading has-text-align-center\">Tarification<br>transparente<\/h3>\n<\/div>\n<\/div>\n<\/div>\n\n\n\n<div style=\"height:100px\" aria-hidden=\"true\" class=\"wp-block-spacer\"><\/div>\n\n\n\n<p><\/p>\n","protected":false},"excerpt":{"rendered":"<p>Une passion artisanale au service des professionnels V.S.A a \u00e9t\u00e9 fond\u00e9e par Pascal Dendievel, un artisan passionn\u00e9 par l&rsquo;optimisation des espaces de travail pour les professionnels. Ayant lui-m\u00eame travaill\u00e9 de nombreuses ann\u00e9es dans des m\u00e9tiers manuels, il a souvent constat\u00e9 \u00e0 quel point un espace de travail bien organis\u00e9 pouvait transformer l\u2019efficacit\u00e9 au quotidien. C&rsquo;est [&hellip;]<\/p>\n","protected":false},"author":2,"featured_media":0,"parent":0,"menu_order":0,"comment_status":"closed","ping_status":"closed","template":"autres-pages-vsa","meta":{"om_disable_all_campaigns":false,"_monsterinsights_skip_tracking":false,"_monsterinsights_sitenote_active":false,"_monsterinsights_sitenote_note":"","_monsterinsights_sitenote_category":0,"footnotes":""},"class_list":["post-563","page","type-page","status-publish","hentry"],"aioseo_notices":[],"_links":{"self":[{"href":"https:\/\/vsa-utilitaire.fr\/index.php\/wp-json\/wp\/v2\/pages\/563","targetHints":{"allow":["GET"]}}],"collection":[{"href":"https:\/\/vsa-utilitaire.fr\/index.php\/wp-json\/wp\/v2\/pages"}],"about":[{"href":"https:\/\/vsa-utilitaire.fr\/index.php\/wp-json\/wp\/v2\/types\/page"}],"author":[{"embeddable":true,"href":"https:\/\/vsa-utilitaire.fr\/index.php\/wp-json\/wp\/v2\/users\/2"}],"replies":[{"embeddable":true,"href":"https:\/\/vsa-utilitaire.fr\/index.php\/wp-json\/wp\/v2\/comments?post=563"}],"version-history":[{"count":30,"href":"https:\/\/vsa-utilitaire.fr\/index.php\/wp-json\/wp\/v2\/pages\/563\/revisions"}],"predecessor-version":[{"id":1827,"href":"https:\/\/vsa-utilitaire.fr\/index.php\/wp-json\/wp\/v2\/pages\/563\/revisions\/1827"}],"wp:attachment":[{"href":"https:\/\/vsa-utilitaire.fr\/index.php\/wp-json\/wp\/v2\/media?parent=563"}],"curies":[{"name":"wp","href":"https:\/\/api.w.org\/{rel}","templated":true}]}}